{"id":337,"date":"2023-10-22T18:57:12","date_gmt":"2023-10-22T18:57:12","guid":{"rendered":"https:\/\/proinservi.com\/wordpress\/?page_id=337"},"modified":"2024-04-24T23:35:47","modified_gmt":"2024-04-24T23:35:47","slug":"contacto","status":"publish","type":"page","link":"https:\/\/proinservi.com\/wordpress\/contacto\/","title":{"rendered":"CONTACTO"},"content":{"rendered":"\n<div class=\"wp-block-contact-form-7-contact-form-selector\">\n<div class=\"wpcf7 no-js\" id=\"wpcf7-f336-o1\" lang=\"es-ES\" dir=\"ltr\" data-wpcf7-id=\"336\">\n<div class=\"screen-reader-response\"><p role=\"status\" aria-live=\"polite\" aria-atomic=\"true\"><\/p> <ul><\/ul><\/div>\n<form action=\"\/wordpress\/wp-json\/wp\/v2\/pages\/337#wpcf7-f336-o1\" method=\"post\" class=\"wpcf7-form init\" aria-label=\"Formulario de contacto\" novalidate=\"novalidate\" data-status=\"init\">\n<fieldset class=\"hidden-fields-container\"><input type=\"hidden\" name=\"_wpcf7\" value=\"336\" \/><input type=\"hidden\" name=\"_wpcf7_version\" value=\"6.1.5\" \/><input type=\"hidden\" name=\"_wpcf7_locale\" value=\"es_ES\" \/><input type=\"hidden\" name=\"_wpcf7_unit_tag\" value=\"wpcf7-f336-o1\" \/><input type=\"hidden\" name=\"_wpcf7_container_post\" value=\"0\" \/><input type=\"hidden\" name=\"_wpcf7_posted_data_hash\" value=\"\" \/>\n<\/fieldset>\n<p><label> Tu nombre<br \/>\n<span class=\"wpcf7-form-control-wrap\" data-name=\"your-name\"><input size=\"40\" maxlength=\"400\" class=\"wpcf7-form-control wpcf7-text wpcf7-validates-as-required\" autocomplete=\"name\" aria-required=\"true\" aria-invalid=\"false\" value=\"\" type=\"text\" name=\"your-name\" \/><\/span> <\/label>\n<\/p>\n<p><label> Tu tel\u00e9fono<br \/>\n<span class=\"wpcf7-form-control-wrap\" data-name=\"tel-293\"><input size=\"40\" maxlength=\"400\" class=\"wpcf7-form-control wpcf7-tel wpcf7-validates-as-required wpcf7-text wpcf7-validates-as-tel\" aria-required=\"true\" aria-invalid=\"false\" value=\"\" type=\"tel\" name=\"tel-293\" \/><\/span> <\/label>\n<\/p>\n<p><label> Tu correo electr\u00f3nico<br \/>\n<span class=\"wpcf7-form-control-wrap\" data-name=\"your-email\"><input size=\"40\" maxlength=\"400\" class=\"wpcf7-form-control wpcf7-email wpcf7-validates-as-required wpcf7-text wpcf7-validates-as-email\" autocomplete=\"email\" aria-required=\"true\" aria-invalid=\"false\" value=\"\" type=\"email\" name=\"your-email\" \/><\/span> <\/label>\n<\/p>\n<p><label> Asunto<br \/>\n<span class=\"wpcf7-form-control-wrap\" data-name=\"your-subject\"><input size=\"40\" maxlength=\"400\" class=\"wpcf7-form-control wpcf7-text wpcf7-validates-as-required\" aria-required=\"true\" aria-invalid=\"false\" value=\"\" type=\"text\" name=\"your-subject\" \/><\/span> <\/label>\n<\/p>\n<p><label> Tu mensaje (opcional)<br \/>\n<span class=\"wpcf7-form-control-wrap\" data-name=\"your-message\"><textarea cols=\"40\" rows=\"10\" maxlength=\"2000\" class=\"wpcf7-form-control wpcf7-textarea\" aria-invalid=\"false\" name=\"your-message\"><\/textarea><\/span> <\/label>\n<\/p>\n<p><input class=\"wpcf7-form-control wpcf7-submit has-spinner\" type=\"submit\" value=\"Enviar\" \/>\n<\/p><div class=\"wpcf7-response-output\" aria-hidden=\"true\"><\/div>\n<\/form>\n<\/div>\n<\/div>\n\n\n\n<p>Direcci\u00f3n:Av. Le\u00f3n Febres Cordero y Calle Gil Gilbert Edit. Brickell Tower Piso 4 Oficina 24<br>                 Guayaquil -Ecuador<br> <\/p>\n\n\n\n<p><br>Tel\u00e9fono: (+593) 98-4770-743 <\/p>\n\n\n\n<p><\/p>\n\n\n\n<p><\/p>\n","protected":false},"excerpt":{"rendered":"<p>Direcci\u00f3n:Av. Le\u00f3n Febres Cordero y Calle Gil Gilbert Edit. Brickell Tower Piso 4 Oficina 24 Guayaquil -Ecuador Tel\u00e9fono: (+593) 98-4770-743<\/p>\n","protected":false},"author":2,"featured_media":0,"parent":0,"menu_order":0,"comment_status":"closed","ping_status":"closed","template":"","meta":{"site-sidebar-layout":"default","site-content-layout":"","ast-site-content-layout":"default","site-content-style":"default","site-sidebar-style":"default","ast-global-header-display":"","ast-banner-title-visibility":"","ast-main-header-display":"","ast-hfb-above-header-display":"","ast-hfb-below-header-display":"","ast-hfb-mobile-header-display":"","site-post-title":"","ast-breadcrumbs-content":"","ast-featured-img":"","footer-sml-layout":"","ast-disable-related-posts":"","theme-transparent-header-meta":"","adv-header-id-meta":"","stick-header-meta":"","header-above-stick-meta":"","header-main-stick-meta":"","header-below-stick-meta":"","astra-migrate-meta-layouts":"default","ast-page-background-enabled":"default","ast-page-background-meta":{"desktop":{"background-color":"var(--ast-global-color-4)","background-image":"","background-repeat":"repeat","background-position":"center center","background-size":"auto","background-attachment":"scroll","background-type":"","background-media":"","overlay-type":"","overlay-color":"","overlay-opacity":"","overlay-gradient":""},"tablet":{"background-color":"","background-image":"","background-repeat":"repeat","background-position":"center center","background-size":"auto","background-attachment":"scroll","background-type":"","background-media":"","overlay-type":"","overlay-color":"","overlay-opacity":"","overlay-gradient":""},"mobile":{"background-color":"","background-image":"","background-repeat":"repeat","background-position":"center center","background-size":"auto","background-attachment":"scroll","background-type":"","background-media":"","overlay-type":"","overlay-color":"","overlay-opacity":"","overlay-gradient":""}},"ast-content-background-meta":{"desktop":{"background-color":"var(--ast-global-color-5)","background-image":"","background-repeat":"repeat","background-position":"center center","background-size":"auto","background-attachment":"scroll","background-type":"","background-media":"","overlay-type":"","overlay-color":"","overlay-opacity":"","overlay-gradient":""},"tablet":{"background-color":"var(--ast-global-color-5)","background-image":"","background-repeat":"repeat","background-position":"center center","background-size":"auto","background-attachment":"scroll","background-type":"","background-media":"","overlay-type":"","overlay-color":"","overlay-opacity":"","overlay-gradient":""},"mobile":{"background-color":"var(--ast-global-color-5)","background-image":"","background-repeat":"repeat","background-position":"center center","background-size":"auto","background-attachment":"scroll","background-type":"","background-media":"","overlay-type":"","overlay-color":"","overlay-opacity":"","overlay-gradient":""}},"footnotes":""},"class_list":["post-337","page","type-page","status-publish","hentry"],"yoast_head":"<!-- This site is optimized with the Yoast SEO plugin v27.1.1 - https:\/\/yoast.com\/product\/yoast-seo-wordpress\/ -->\n<title>CONTACTO - Proinservi.com<\/title>\n<meta name=\"robots\" content=\"index, follow, max-snippet:-1, max-image-preview:large, max-video-preview:-1\" \/>\n<link rel=\"canonical\" href=\"https:\/\/proinservi.com\/wordpress\/contacto\/\" \/>\n<meta property=\"og:locale\" content=\"es_ES\" \/>\n<meta property=\"og:type\" content=\"article\" \/>\n<meta property=\"og:title\" content=\"CONTACTO - Proinservi.com\" \/>\n<meta property=\"og:description\" content=\"Direcci\u00f3n:Av. Le\u00f3n Febres Cordero y Calle Gil Gilbert Edit. Brickell Tower Piso 4 Oficina 24 Guayaquil -Ecuador Tel\u00e9fono: (+593) 98-4770-743\" \/>\n<meta property=\"og:url\" content=\"https:\/\/proinservi.com\/wordpress\/contacto\/\" \/>\n<meta property=\"og:site_name\" content=\"Proinservi.com\" \/>\n<meta property=\"article:modified_time\" content=\"2024-04-24T23:35:47+00:00\" \/>\n<meta name=\"twitter:card\" content=\"summary_large_image\" \/>\n<script type=\"application\/ld+json\" class=\"yoast-schema-graph\">{\"@context\":\"https:\/\/schema.org\",\"@graph\":[{\"@type\":\"WebPage\",\"@id\":\"https:\/\/proinservi.com\/wordpress\/contacto\/\",\"url\":\"https:\/\/proinservi.com\/wordpress\/contacto\/\",\"name\":\"CONTACTO - Proinservi.com\",\"isPartOf\":{\"@id\":\"https:\/\/proinservi.com\/wordpress\/#website\"},\"datePublished\":\"2023-10-22T18:57:12+00:00\",\"dateModified\":\"2024-04-24T23:35:47+00:00\",\"breadcrumb\":{\"@id\":\"https:\/\/proinservi.com\/wordpress\/contacto\/#breadcrumb\"},\"inLanguage\":\"es\",\"potentialAction\":[{\"@type\":\"ReadAction\",\"target\":[\"https:\/\/proinservi.com\/wordpress\/contacto\/\"]}]},{\"@type\":\"BreadcrumbList\",\"@id\":\"https:\/\/proinservi.com\/wordpress\/contacto\/#breadcrumb\",\"itemListElement\":[{\"@type\":\"ListItem\",\"position\":1,\"name\":\"Portada\",\"item\":\"https:\/\/proinservi.com\/wordpress\/\"},{\"@type\":\"ListItem\",\"position\":2,\"name\":\"CONTACTO\"}]},{\"@type\":\"WebSite\",\"@id\":\"https:\/\/proinservi.com\/wordpress\/#website\",\"url\":\"https:\/\/proinservi.com\/wordpress\/\",\"name\":\"Proinservi.com\",\"description\":\"Otro sitio realizado con WordPress\",\"publisher\":{\"@id\":\"https:\/\/proinservi.com\/wordpress\/#organization\"},\"potentialAction\":[{\"@type\":\"SearchAction\",\"target\":{\"@type\":\"EntryPoint\",\"urlTemplate\":\"https:\/\/proinservi.com\/wordpress\/?s={search_term_string}\"},\"query-input\":{\"@type\":\"PropertyValueSpecification\",\"valueRequired\":true,\"valueName\":\"search_term_string\"}}],\"inLanguage\":\"es\"},{\"@type\":\"Organization\",\"@id\":\"https:\/\/proinservi.com\/wordpress\/#organization\",\"name\":\"Proinservi.com\",\"url\":\"https:\/\/proinservi.com\/wordpress\/\",\"logo\":{\"@type\":\"ImageObject\",\"inLanguage\":\"es\",\"@id\":\"https:\/\/proinservi.com\/wordpress\/#\/schema\/logo\/image\/\",\"url\":\"https:\/\/i0.wp.com\/proinservi.com\/wordpress\/wp-content\/uploads\/2024\/04\/logo-proinservi.png?fit=282%2C61&ssl=1\",\"contentUrl\":\"https:\/\/i0.wp.com\/proinservi.com\/wordpress\/wp-content\/uploads\/2024\/04\/logo-proinservi.png?fit=282%2C61&ssl=1\",\"width\":282,\"height\":61,\"caption\":\"Proinservi.com\"},\"image\":{\"@id\":\"https:\/\/proinservi.com\/wordpress\/#\/schema\/logo\/image\/\"},\"sameAs\":[\"https:\/\/www.instagram.com\/proinservi\/\"]}]}<\/script>\n<!-- \/ Yoast SEO plugin. -->","yoast_head_json":{"title":"CONTACTO - Proinservi.com","robots":{"index":"index","follow":"follow","max-snippet":"max-snippet:-1","max-image-preview":"max-image-preview:large","max-video-preview":"max-video-preview:-1"},"canonical":"https:\/\/proinservi.com\/wordpress\/contacto\/","og_locale":"es_ES","og_type":"article","og_title":"CONTACTO - Proinservi.com","og_description":"Direcci\u00f3n:Av. Le\u00f3n Febres Cordero y Calle Gil Gilbert Edit. Brickell Tower Piso 4 Oficina 24 Guayaquil -Ecuador Tel\u00e9fono: (+593) 98-4770-743","og_url":"https:\/\/proinservi.com\/wordpress\/contacto\/","og_site_name":"Proinservi.com","article_modified_time":"2024-04-24T23:35:47+00:00","twitter_card":"summary_large_image","schema":{"@context":"https:\/\/schema.org","@graph":[{"@type":"WebPage","@id":"https:\/\/proinservi.com\/wordpress\/contacto\/","url":"https:\/\/proinservi.com\/wordpress\/contacto\/","name":"CONTACTO - Proinservi.com","isPartOf":{"@id":"https:\/\/proinservi.com\/wordpress\/#website"},"datePublished":"2023-10-22T18:57:12+00:00","dateModified":"2024-04-24T23:35:47+00:00","breadcrumb":{"@id":"https:\/\/proinservi.com\/wordpress\/contacto\/#breadcrumb"},"inLanguage":"es","potentialAction":[{"@type":"ReadAction","target":["https:\/\/proinservi.com\/wordpress\/contacto\/"]}]},{"@type":"BreadcrumbList","@id":"https:\/\/proinservi.com\/wordpress\/contacto\/#breadcrumb","itemListElement":[{"@type":"ListItem","position":1,"name":"Portada","item":"https:\/\/proinservi.com\/wordpress\/"},{"@type":"ListItem","position":2,"name":"CONTACTO"}]},{"@type":"WebSite","@id":"https:\/\/proinservi.com\/wordpress\/#website","url":"https:\/\/proinservi.com\/wordpress\/","name":"Proinservi.com","description":"Otro sitio realizado con WordPress","publisher":{"@id":"https:\/\/proinservi.com\/wordpress\/#organization"},"potentialAction":[{"@type":"SearchAction","target":{"@type":"EntryPoint","urlTemplate":"https:\/\/proinservi.com\/wordpress\/?s={search_term_string}"},"query-input":{"@type":"PropertyValueSpecification","valueRequired":true,"valueName":"search_term_string"}}],"inLanguage":"es"},{"@type":"Organization","@id":"https:\/\/proinservi.com\/wordpress\/#organization","name":"Proinservi.com","url":"https:\/\/proinservi.com\/wordpress\/","logo":{"@type":"ImageObject","inLanguage":"es","@id":"https:\/\/proinservi.com\/wordpress\/#\/schema\/logo\/image\/","url":"https:\/\/i0.wp.com\/proinservi.com\/wordpress\/wp-content\/uploads\/2024\/04\/logo-proinservi.png?fit=282%2C61&ssl=1","contentUrl":"https:\/\/i0.wp.com\/proinservi.com\/wordpress\/wp-content\/uploads\/2024\/04\/logo-proinservi.png?fit=282%2C61&ssl=1","width":282,"height":61,"caption":"Proinservi.com"},"image":{"@id":"https:\/\/proinservi.com\/wordpress\/#\/schema\/logo\/image\/"},"sameAs":["https:\/\/www.instagram.com\/proinservi\/"]}]}},"jetpack_sharing_enabled":true,"jetpack-related-posts":[],"_links":{"self":[{"href":"https:\/\/proinservi.com\/wordpress\/wp-json\/wp\/v2\/pages\/337","targetHints":{"allow":["GET"]}}],"collection":[{"href":"https:\/\/proinservi.com\/wordpress\/wp-json\/wp\/v2\/pages"}],"about":[{"href":"https:\/\/proinservi.com\/wordpress\/wp-json\/wp\/v2\/types\/page"}],"author":[{"embeddable":true,"href":"https:\/\/proinservi.com\/wordpress\/wp-json\/wp\/v2\/users\/2"}],"replies":[{"embeddable":true,"href":"https:\/\/proinservi.com\/wordpress\/wp-json\/wp\/v2\/comments?post=337"}],"version-history":[{"count":2,"href":"https:\/\/proinservi.com\/wordpress\/wp-json\/wp\/v2\/pages\/337\/revisions"}],"predecessor-version":[{"id":936,"href":"https:\/\/proinservi.com\/wordpress\/wp-json\/wp\/v2\/pages\/337\/revisions\/936"}],"wp:attachment":[{"href":"https:\/\/proinservi.com\/wordpress\/wp-json\/wp\/v2\/media?parent=337"}],"curies":[{"name":"wp","href":"https:\/\/api.w.org\/{rel}","templated":true}]}}